{"id":1840,"date":"2023-03-14T13:01:28","date_gmt":"2023-03-14T13:01:28","guid":{"rendered":"https:\/\/34.232.180.205\/empleos-y-oportunidades-laborales\/"},"modified":"2025-11-07T07:28:11","modified_gmt":"2025-11-07T07:28:11","slug":"empleos-y-oportunidades-laborales","status":"publish","type":"page","link":"https:\/\/www.bachner-usa.com\/es\/empleos-y-oportunidades-laborales\/","title":{"rendered":"Oportunidades laborales"},"content":{"rendered":"\t\t<div data-elementor-type=\"wp-page\" data-elementor-id=\"1840\" class=\"elementor elementor-1840 elementor-84\" data-elementor-post-type=\"page\">\n\t\t\t\t<div class=\"elementor-element elementor-element-6cd9033 e-flex e-con-boxed e-con e-parent\" data-id=\"6cd9033\" data-element_type=\"container\" data-e-type=\"container\">\n\t\t\t\t\t<div class=\"e-con-inner\">\n\t\t\t\t<div class=\"elementor-element elementor-element-704b8db elementor-widget elementor-widget-text-editor\" data-id=\"704b8db\" data-element_type=\"widget\" data-e-type=\"widget\" data-widget_type=\"text-editor.default\">\n\t\t\t\t<div class=\"elementor-widget-container\">\n\t\t\t\t\t\t\t\t\t<h4 class=\"et_pb_module_header\">\u00danase a nuestro equipo.<\/h4><br><div class=\"et_pb_blurb_description\">\r\n<div class=\"csc-header csc-header-n1\">\r\n<p class=\"csc-firstHeader\">Responsabilidad, estima y confianza son los valores del Grupo Bachner desde 1920. Nos gustar\u00eda reforzar a\u00fan m\u00e1s nuestro equipo en nuestra nueva sede de EE. UU. en \u00bbBachner Electro USA Inc.\u00bb en Duncan, SC or North Bergen, NJ.<\/p>\r\n\u00danase a nuestro equipo.\r\n\r\n<\/div><br><\/div>\t\t\t\t\t\t\t\t<\/div>\n\t\t\t\t<\/div>\n\t\t\t\t<div class=\"elementor-element elementor-element-558f859 elementor-widget elementor-widget-button\" data-id=\"558f859\" data-element_type=\"widget\" data-e-type=\"widget\" data-widget_type=\"button.default\">\n\t\t\t\t<div class=\"elementor-widget-container\">\n\t\t\t\t\t\t\t\t\t<div class=\"elementor-button-wrapper\">\n\t\t\t\t\t<a class=\"elementor-button elementor-button-link elementor-size-sm\" href=\"https:\/\/jobs.miter.com\/bachner-electro-usa\">\n\t\t\t\t\t\t<span class=\"elementor-button-content-wrapper\">\n\t\t\t\t\t\t\t\t\t<span class=\"elementor-button-text\">Solicite ahora.<\/span>\n\t\t\t\t\t<\/span>\n\t\t\t\t\t<\/a>\n\t\t\t\t<\/div>\n\t\t\t\t\t\t\t\t<\/div>\n\t\t\t\t<\/div>\n\t\t\t\t\t<\/div>\n\t\t\t\t<\/div>\n\t\t<div class=\"elementor-element elementor-element-4b757e2 e-flex e-con-boxed e-con e-parent\" data-id=\"4b757e2\" data-element_type=\"container\" data-e-type=\"container\">\n\t\t\t\t\t<div class=\"e-con-inner\">\n\t\t<div class=\"elementor-element elementor-element-8cb7046 e-con-full e-flex e-con e-child\" data-id=\"8cb7046\" data-element_type=\"container\" data-e-type=\"container\">\n\t\t\t\t<\/div>\n\t\t\t\t\t<\/div>\n\t\t\t\t<\/div>\n\t\t\t\t<\/div>\n\t\t","protected":false},"excerpt":{"rendered":"<p>\u00danase a nuestro equipo. Responsabilidad, estima y confianza son los valores del Grupo Bachner desde 1920. Nos gustar\u00eda reforzar a\u00fan m\u00e1s nuestro equipo en nuestra nueva sede de EE. UU. en \u00bbBachner Electro USA Inc.\u00bb en Duncan, SC or North Bergen, NJ. \u00danase a nuestro equipo. Solicite ahora.<\/p>\n","protected":false},"author":3,"featured_media":1704,"parent":0,"menu_order":9,"comment_status":"closed","ping_status":"closed","template":"","meta":{"_acf_changed":false,"footnotes":""},"class_list":["post-1840","page","type-page","status-publish","has-post-thumbnail","hentry"],"acf":[],"yoast_head":"<!-- This site is optimized with the Yoast SEO plugin v27.3 - https:\/\/yoast.com\/product\/yoast-seo-wordpress\/ -->\n<title>Oportunidades laborales - Bachner US<\/title>\n<meta name=\"robots\" content=\"index, follow, max-snippet:-1, max-image-preview:large, max-video-preview:-1\" \/>\n<link rel=\"canonical\" href=\"https:\/\/www.bachner-usa.com\/es\/empleos-y-oportunidades-laborales\/\" \/>\n<meta property=\"og:locale\" content=\"es_ES\" \/>\n<meta property=\"og:type\" content=\"article\" \/>\n<meta property=\"og:title\" content=\"Oportunidades laborales - Bachner US\" \/>\n<meta property=\"og:description\" content=\"\u00danase a nuestro equipo. Responsabilidad, estima y confianza son los valores del Grupo Bachner desde 1920. Nos gustar\u00eda reforzar a\u00fan m\u00e1s nuestro equipo en nuestra nueva sede de EE. UU. en \u00bbBachner Electro USA Inc.\u00bb en Duncan, SC or North Bergen, NJ. \u00danase a nuestro equipo. Solicite ahora.\" \/>\n<meta property=\"og:url\" content=\"https:\/\/www.bachner-usa.com\/es\/empleos-y-oportunidades-laborales\/\" \/>\n<meta property=\"og:site_name\" content=\"Bachner US\" \/>\n<meta property=\"article:modified_time\" content=\"2025-11-07T07:28:11+00:00\" \/>\n<meta property=\"og:image\" content=\"https:\/\/www.bachner-usa.com\/wp-content\/uploads\/2023\/07\/IM_04367_USA_web-scaled.jpg\" \/>\n\t<meta property=\"og:image:width\" content=\"2560\" \/>\n\t<meta property=\"og:image:height\" content=\"1707\" \/>\n\t<meta property=\"og:image:type\" content=\"image\/jpeg\" \/>\n<meta name=\"twitter:card\" content=\"summary_large_image\" \/>\n<meta name=\"twitter:label1\" content=\"Tiempo de lectura\" \/>\n\t<meta name=\"twitter:data1\" content=\"1 minuto\" \/>\n<script type=\"application\/ld+json\" class=\"yoast-schema-graph\">{\"@context\":\"https:\\\/\\\/schema.org\",\"@graph\":[{\"@type\":\"WebPage\",\"@id\":\"https:\\\/\\\/www.bachner-usa.com\\\/es\\\/empleos-y-oportunidades-laborales\\\/\",\"url\":\"https:\\\/\\\/www.bachner-usa.com\\\/es\\\/empleos-y-oportunidades-laborales\\\/\",\"name\":\"Oportunidades laborales - Bachner US\",\"isPartOf\":{\"@id\":\"https:\\\/\\\/www.bachner-usa.com\\\/#website\"},\"primaryImageOfPage\":{\"@id\":\"https:\\\/\\\/www.bachner-usa.com\\\/es\\\/empleos-y-oportunidades-laborales\\\/#primaryimage\"},\"image\":{\"@id\":\"https:\\\/\\\/www.bachner-usa.com\\\/es\\\/empleos-y-oportunidades-laborales\\\/#primaryimage\"},\"thumbnailUrl\":\"https:\\\/\\\/www.bachner-usa.com\\\/wp-content\\\/uploads\\\/2023\\\/07\\\/IM_04367_USA_web-scaled.jpg\",\"datePublished\":\"2023-03-14T13:01:28+00:00\",\"dateModified\":\"2025-11-07T07:28:11+00:00\",\"breadcrumb\":{\"@id\":\"https:\\\/\\\/www.bachner-usa.com\\\/es\\\/empleos-y-oportunidades-laborales\\\/#breadcrumb\"},\"inLanguage\":\"es\",\"potentialAction\":[{\"@type\":\"ReadAction\",\"target\":[\"https:\\\/\\\/www.bachner-usa.com\\\/es\\\/empleos-y-oportunidades-laborales\\\/\"]}]},{\"@type\":\"ImageObject\",\"inLanguage\":\"es\",\"@id\":\"https:\\\/\\\/www.bachner-usa.com\\\/es\\\/empleos-y-oportunidades-laborales\\\/#primaryimage\",\"url\":\"https:\\\/\\\/www.bachner-usa.com\\\/wp-content\\\/uploads\\\/2023\\\/07\\\/IM_04367_USA_web-scaled.jpg\",\"contentUrl\":\"https:\\\/\\\/www.bachner-usa.com\\\/wp-content\\\/uploads\\\/2023\\\/07\\\/IM_04367_USA_web-scaled.jpg\",\"width\":2560,\"height\":1707},{\"@type\":\"BreadcrumbList\",\"@id\":\"https:\\\/\\\/www.bachner-usa.com\\\/es\\\/empleos-y-oportunidades-laborales\\\/#breadcrumb\",\"itemListElement\":[{\"@type\":\"ListItem\",\"position\":1,\"name\":\"Home\",\"item\":\"https:\\\/\\\/www.bachner-usa.com\\\/es\\\/\"},{\"@type\":\"ListItem\",\"position\":2,\"name\":\"Oportunidades laborales\"}]},{\"@type\":\"WebSite\",\"@id\":\"https:\\\/\\\/www.bachner-usa.com\\\/#website\",\"url\":\"https:\\\/\\\/www.bachner-usa.com\\\/\",\"name\":\"Bachner US\",\"description\":\"Your Strong Partner\",\"publisher\":{\"@id\":\"https:\\\/\\\/www.bachner-usa.com\\\/#organization\"},\"potentialAction\":[{\"@type\":\"SearchAction\",\"target\":{\"@type\":\"EntryPoint\",\"urlTemplate\":\"https:\\\/\\\/www.bachner-usa.com\\\/?s={search_term_string}\"},\"query-input\":{\"@type\":\"PropertyValueSpecification\",\"valueRequired\":true,\"valueName\":\"search_term_string\"}}],\"inLanguage\":\"es\"},{\"@type\":\"Organization\",\"@id\":\"https:\\\/\\\/www.bachner-usa.com\\\/#organization\",\"name\":\"Bachner US\",\"url\":\"https:\\\/\\\/www.bachner-usa.com\\\/\",\"logo\":{\"@type\":\"ImageObject\",\"inLanguage\":\"es\",\"@id\":\"https:\\\/\\\/www.bachner-usa.com\\\/#\\\/schema\\\/logo\\\/image\\\/\",\"url\":\"https:\\\/\\\/www.bachner-usa.com\\\/wp-content\\\/uploads\\\/2023\\\/03\\\/Logo_BAC-USA_positiv-1.svg\",\"contentUrl\":\"https:\\\/\\\/www.bachner-usa.com\\\/wp-content\\\/uploads\\\/2023\\\/03\\\/Logo_BAC-USA_positiv-1.svg\",\"width\":391,\"height\":207,\"caption\":\"Bachner US\"},\"image\":{\"@id\":\"https:\\\/\\\/www.bachner-usa.com\\\/#\\\/schema\\\/logo\\\/image\\\/\"}}]}<\/script>\n<!-- \/ Yoast SEO plugin. -->","yoast_head_json":{"title":"Oportunidades laborales - Bachner US","robots":{"index":"index","follow":"follow","max-snippet":"max-snippet:-1","max-image-preview":"max-image-preview:large","max-video-preview":"max-video-preview:-1"},"canonical":"https:\/\/www.bachner-usa.com\/es\/empleos-y-oportunidades-laborales\/","og_locale":"es_ES","og_type":"article","og_title":"Oportunidades laborales - Bachner US","og_description":"\u00danase a nuestro equipo. Responsabilidad, estima y confianza son los valores del Grupo Bachner desde 1920. Nos gustar\u00eda reforzar a\u00fan m\u00e1s nuestro equipo en nuestra nueva sede de EE. UU. en \u00bbBachner Electro USA Inc.\u00bb en Duncan, SC or North Bergen, NJ. \u00danase a nuestro equipo. Solicite ahora.","og_url":"https:\/\/www.bachner-usa.com\/es\/empleos-y-oportunidades-laborales\/","og_site_name":"Bachner US","article_modified_time":"2025-11-07T07:28:11+00:00","og_image":[{"width":2560,"height":1707,"url":"https:\/\/www.bachner-usa.com\/wp-content\/uploads\/2023\/07\/IM_04367_USA_web-scaled.jpg","type":"image\/jpeg"}],"twitter_card":"summary_large_image","twitter_misc":{"Tiempo de lectura":"1 minuto"},"schema":{"@context":"https:\/\/schema.org","@graph":[{"@type":"WebPage","@id":"https:\/\/www.bachner-usa.com\/es\/empleos-y-oportunidades-laborales\/","url":"https:\/\/www.bachner-usa.com\/es\/empleos-y-oportunidades-laborales\/","name":"Oportunidades laborales - Bachner US","isPartOf":{"@id":"https:\/\/www.bachner-usa.com\/#website"},"primaryImageOfPage":{"@id":"https:\/\/www.bachner-usa.com\/es\/empleos-y-oportunidades-laborales\/#primaryimage"},"image":{"@id":"https:\/\/www.bachner-usa.com\/es\/empleos-y-oportunidades-laborales\/#primaryimage"},"thumbnailUrl":"https:\/\/www.bachner-usa.com\/wp-content\/uploads\/2023\/07\/IM_04367_USA_web-scaled.jpg","datePublished":"2023-03-14T13:01:28+00:00","dateModified":"2025-11-07T07:28:11+00:00","breadcrumb":{"@id":"https:\/\/www.bachner-usa.com\/es\/empleos-y-oportunidades-laborales\/#breadcrumb"},"inLanguage":"es","potentialAction":[{"@type":"ReadAction","target":["https:\/\/www.bachner-usa.com\/es\/empleos-y-oportunidades-laborales\/"]}]},{"@type":"ImageObject","inLanguage":"es","@id":"https:\/\/www.bachner-usa.com\/es\/empleos-y-oportunidades-laborales\/#primaryimage","url":"https:\/\/www.bachner-usa.com\/wp-content\/uploads\/2023\/07\/IM_04367_USA_web-scaled.jpg","contentUrl":"https:\/\/www.bachner-usa.com\/wp-content\/uploads\/2023\/07\/IM_04367_USA_web-scaled.jpg","width":2560,"height":1707},{"@type":"BreadcrumbList","@id":"https:\/\/www.bachner-usa.com\/es\/empleos-y-oportunidades-laborales\/#breadcrumb","itemListElement":[{"@type":"ListItem","position":1,"name":"Home","item":"https:\/\/www.bachner-usa.com\/es\/"},{"@type":"ListItem","position":2,"name":"Oportunidades laborales"}]},{"@type":"WebSite","@id":"https:\/\/www.bachner-usa.com\/#website","url":"https:\/\/www.bachner-usa.com\/","name":"Bachner US","description":"Your Strong Partner","publisher":{"@id":"https:\/\/www.bachner-usa.com\/#organization"},"potentialAction":[{"@type":"SearchAction","target":{"@type":"EntryPoint","urlTemplate":"https:\/\/www.bachner-usa.com\/?s={search_term_string}"},"query-input":{"@type":"PropertyValueSpecification","valueRequired":true,"valueName":"search_term_string"}}],"inLanguage":"es"},{"@type":"Organization","@id":"https:\/\/www.bachner-usa.com\/#organization","name":"Bachner US","url":"https:\/\/www.bachner-usa.com\/","logo":{"@type":"ImageObject","inLanguage":"es","@id":"https:\/\/www.bachner-usa.com\/#\/schema\/logo\/image\/","url":"https:\/\/www.bachner-usa.com\/wp-content\/uploads\/2023\/03\/Logo_BAC-USA_positiv-1.svg","contentUrl":"https:\/\/www.bachner-usa.com\/wp-content\/uploads\/2023\/03\/Logo_BAC-USA_positiv-1.svg","width":391,"height":207,"caption":"Bachner US"},"image":{"@id":"https:\/\/www.bachner-usa.com\/#\/schema\/logo\/image\/"}}]}},"_links":{"self":[{"href":"https:\/\/www.bachner-usa.com\/es\/wp-json\/wp\/v2\/pages\/1840","targetHints":{"allow":["GET"]}}],"collection":[{"href":"https:\/\/www.bachner-usa.com\/es\/wp-json\/wp\/v2\/pages"}],"about":[{"href":"https:\/\/www.bachner-usa.com\/es\/wp-json\/wp\/v2\/types\/page"}],"author":[{"embeddable":true,"href":"https:\/\/www.bachner-usa.com\/es\/wp-json\/wp\/v2\/users\/3"}],"replies":[{"embeddable":true,"href":"https:\/\/www.bachner-usa.com\/es\/wp-json\/wp\/v2\/comments?post=1840"}],"version-history":[{"count":6,"href":"https:\/\/www.bachner-usa.com\/es\/wp-json\/wp\/v2\/pages\/1840\/revisions"}],"predecessor-version":[{"id":2867,"href":"https:\/\/www.bachner-usa.com\/es\/wp-json\/wp\/v2\/pages\/1840\/revisions\/2867"}],"wp:featuredmedia":[{"embeddable":true,"href":"https:\/\/www.bachner-usa.com\/es\/wp-json\/wp\/v2\/media\/1704"}],"wp:attachment":[{"href":"https:\/\/www.bachner-usa.com\/es\/wp-json\/wp\/v2\/media?parent=1840"}],"curies":[{"name":"wp","href":"https:\/\/api.w.org\/{rel}","templated":true}]}}