{"id":1844,"date":"2023-03-14T13:07:14","date_gmt":"2023-03-14T13:07:14","guid":{"rendered":"https:\/\/34.232.180.205\/datos-legales\/"},"modified":"2025-01-07T15:48:37","modified_gmt":"2025-01-07T15:48:37","slug":"datos-legales","status":"publish","type":"page","link":"https:\/\/www.bachner-usa.com\/es\/datos-legales\/","title":{"rendered":"Datos legales"},"content":{"rendered":"\t\t<div data-elementor-type=\"wp-page\" data-elementor-id=\"1844\" class=\"elementor elementor-1844 elementor-94\" data-elementor-post-type=\"page\">\n\t\t\t\t\t\t<section class=\"elementor-section elementor-top-section elementor-element elementor-element-1ec15c2 elementor-section-boxed elementor-section-height-default elementor-section-height-default\" data-id=\"1ec15c2\" data-element_type=\"section\" data-e-type=\"section\">\n\t\t\t\t\t\t<div class=\"elementor-container elementor-column-gap-default\">\n\t\t\t\t\t<div class=\"elementor-column elementor-col-100 elementor-top-column elementor-element elementor-element-815a5f5\" data-id=\"815a5f5\" data-element_type=\"column\" data-e-type=\"column\">\n\t\t\t<div class=\"elementor-widget-wrap elementor-element-populated\">\n\t\t\t\t\t\t<div class=\"elementor-element elementor-element-605ee44 elementor-widget elementor-widget-text-editor\" data-id=\"605ee44\" data-element_type=\"widget\" data-e-type=\"widget\" data-widget_type=\"text-editor.default\">\n\t\t\t\t<div class=\"elementor-widget-container\">\n\t\t\t\t\t\t\t\t\t<h3>Bachner Electro USA Inc.<\/h3>\r\nPresidente: Dr. Ralf Gaffal\r\nDirector General: Denis Pospischil\r\n\r\n522 Mayfield Rd., Suite A\r\nDuncan, SC 29334\r\nEstados Unidos de Am\u00e9rica\r\n\r\nTel\u00e9fono +1 864 558 0095\r\nCorreo electr\u00f3nico: electro@bachner-usa.com\r\n<h3>P\u00e1gina de inicio:<\/h3>\r\n<a title=\"Bachner Elektro GmbH &amp; Co. KG\" href=\"http:\/\/www.bachner.de\/home.html\" target=\"_blank\" rel=\"noopener noreferrer\">www.bachner-usa.com<\/a>\r\n\r\nPresidente: Hans Bachner\r\nSecretario: Erwin Daimer\r\n\r\nDise\u00f1o web\r\n\r\nBachner Elektro GmbH &amp; Co. KG\r\nAm Hang 2\r\nD-84048 Mainburg\r\nAlemania\r\n\r\nTel\u00e9fono: +49 8751\/8189 4-0\r\n\r\nCorreo electr\u00f3nico: <a title=\"mediendesign@kreativoli.de\">elektro@bachner.de<\/a>\r\n<h3>Gr\u00e1ficos e im\u00e1genes usados:<\/h3>\r\n<a href=\"https:\/\/www.freepik.com\/free-photo\/hand-touching-with-search-icon-search-engine-optimisation-seo-concept-find-information-by-internet-connection_24458785.htm#query=suche&amp;position=4&amp;from_view=search&amp;track=sph\">Imagen de DilokaStudio<\/a> en Freepik\r\n\r\n<a href=\"https:\/\/www.freepik.com\/free-photo\/hand-holding-cloud-system-with-data-protection_17121563.htm#query=datenschutz&amp;position=0&amp;from_view=search&amp;track=sph\">Imagen de rawpixel.com<\/a> en Freepik\r\n\r\n<a href=\"https:\/\/www.freepik.com\/free-photo\/biometric-technology-background-with-fingerprint-scanning-system-virtual-screen-digital-remix_15667466.htm#query=impressum&amp;position=28&amp;from_view=search&amp;track=sph\">Imagen de rawpixel.com<\/a> en Freepik\t\t\t\t\t\t\t\t<\/div>\n\t\t\t\t<\/div>\n\t\t\t\t\t<\/div>\n\t\t<\/div>\n\t\t\t\t\t<\/div>\n\t\t<\/section>\n\t\t\t\t<\/div>\n\t\t","protected":false},"excerpt":{"rendered":"<p>Bachner Electro USA Inc. Presidente: Dr. Ralf Gaffal Director General: Denis Pospischil 522 Mayfield Rd., Suite A Duncan, SC 29334 Estados Unidos de Am\u00e9rica Tel\u00e9fono +1 864 558 0095 Correo electr\u00f3nico: electro@bachner-usa.com P\u00e1gina de inicio: www.bachner-usa.com Presidente: Hans Bachner Secretario: Erwin Daimer Dise\u00f1o web Bachner Elektro GmbH &amp; Co. KG Am Hang 2 D-84048 Mainburg [&hellip;]<\/p>\n","protected":false},"author":3,"featured_media":264,"parent":0,"menu_order":12,"comment_status":"closed","ping_status":"closed","template":"","meta":{"_acf_changed":false,"footnotes":""},"class_list":["post-1844","page","type-page","status-publish","has-post-thumbnail","hentry"],"acf":[],"yoast_head":"<!-- This site is optimized with the Yoast SEO plugin v27.3 - https:\/\/yoast.com\/product\/yoast-seo-wordpress\/ -->\n<title>Datos legales - Bachner US<\/title>\n<meta name=\"robots\" content=\"index, follow, max-snippet:-1, max-image-preview:large, max-video-preview:-1\" \/>\n<link rel=\"canonical\" href=\"https:\/\/www.bachner-usa.com\/es\/datos-legales\/\" \/>\n<meta property=\"og:locale\" content=\"es_ES\" \/>\n<meta property=\"og:type\" content=\"article\" \/>\n<meta property=\"og:title\" content=\"Datos legales - Bachner US\" \/>\n<meta property=\"og:description\" content=\"Bachner Electro USA Inc. Presidente: Dr. Ralf Gaffal Director General: Denis Pospischil 522 Mayfield Rd., Suite A Duncan, SC 29334 Estados Unidos de Am\u00e9rica Tel\u00e9fono +1 864 558 0095 Correo electr\u00f3nico: electro@bachner-usa.com P\u00e1gina de inicio: www.bachner-usa.com Presidente: Hans Bachner Secretario: Erwin Daimer Dise\u00f1o web Bachner Elektro GmbH &amp; Co. KG Am Hang 2 D-84048 Mainburg [&hellip;]\" \/>\n<meta property=\"og:url\" content=\"https:\/\/www.bachner-usa.com\/es\/datos-legales\/\" \/>\n<meta property=\"og:site_name\" content=\"Bachner US\" \/>\n<meta property=\"article:modified_time\" content=\"2025-01-07T15:48:37+00:00\" \/>\n<meta property=\"og:image\" content=\"https:\/\/www.bachner-usa.com\/wp-content\/uploads\/2023\/03\/impressum-gross-x2000-scaled.jpeg\" \/>\n\t<meta property=\"og:image:width\" content=\"2560\" \/>\n\t<meta property=\"og:image:height\" content=\"686\" \/>\n\t<meta property=\"og:image:type\" content=\"image\/jpeg\" \/>\n<meta name=\"twitter:card\" content=\"summary_large_image\" \/>\n<meta name=\"twitter:label1\" content=\"Tiempo de lectura\" \/>\n\t<meta name=\"twitter:data1\" content=\"1 minuto\" \/>\n<script type=\"application\/ld+json\" class=\"yoast-schema-graph\">{\"@context\":\"https:\\\/\\\/schema.org\",\"@graph\":[{\"@type\":\"WebPage\",\"@id\":\"https:\\\/\\\/www.bachner-usa.com\\\/es\\\/datos-legales\\\/\",\"url\":\"https:\\\/\\\/www.bachner-usa.com\\\/es\\\/datos-legales\\\/\",\"name\":\"Datos legales - Bachner US\",\"isPartOf\":{\"@id\":\"https:\\\/\\\/www.bachner-usa.com\\\/#website\"},\"primaryImageOfPage\":{\"@id\":\"https:\\\/\\\/www.bachner-usa.com\\\/es\\\/datos-legales\\\/#primaryimage\"},\"image\":{\"@id\":\"https:\\\/\\\/www.bachner-usa.com\\\/es\\\/datos-legales\\\/#primaryimage\"},\"thumbnailUrl\":\"https:\\\/\\\/www.bachner-usa.com\\\/wp-content\\\/uploads\\\/2023\\\/03\\\/impressum-gross-x2000-scaled.jpeg\",\"datePublished\":\"2023-03-14T13:07:14+00:00\",\"dateModified\":\"2025-01-07T15:48:37+00:00\",\"breadcrumb\":{\"@id\":\"https:\\\/\\\/www.bachner-usa.com\\\/es\\\/datos-legales\\\/#breadcrumb\"},\"inLanguage\":\"es\",\"potentialAction\":[{\"@type\":\"ReadAction\",\"target\":[\"https:\\\/\\\/www.bachner-usa.com\\\/es\\\/datos-legales\\\/\"]}]},{\"@type\":\"ImageObject\",\"inLanguage\":\"es\",\"@id\":\"https:\\\/\\\/www.bachner-usa.com\\\/es\\\/datos-legales\\\/#primaryimage\",\"url\":\"https:\\\/\\\/www.bachner-usa.com\\\/wp-content\\\/uploads\\\/2023\\\/03\\\/impressum-gross-x2000-scaled.jpeg\",\"contentUrl\":\"https:\\\/\\\/www.bachner-usa.com\\\/wp-content\\\/uploads\\\/2023\\\/03\\\/impressum-gross-x2000-scaled.jpeg\",\"width\":2560,\"height\":686},{\"@type\":\"BreadcrumbList\",\"@id\":\"https:\\\/\\\/www.bachner-usa.com\\\/es\\\/datos-legales\\\/#breadcrumb\",\"itemListElement\":[{\"@type\":\"ListItem\",\"position\":1,\"name\":\"Home\",\"item\":\"https:\\\/\\\/www.bachner-usa.com\\\/es\\\/\"},{\"@type\":\"ListItem\",\"position\":2,\"name\":\"Datos legales\"}]},{\"@type\":\"WebSite\",\"@id\":\"https:\\\/\\\/www.bachner-usa.com\\\/#website\",\"url\":\"https:\\\/\\\/www.bachner-usa.com\\\/\",\"name\":\"Bachner US\",\"description\":\"Your Strong Partner\",\"publisher\":{\"@id\":\"https:\\\/\\\/www.bachner-usa.com\\\/#organization\"},\"potentialAction\":[{\"@type\":\"SearchAction\",\"target\":{\"@type\":\"EntryPoint\",\"urlTemplate\":\"https:\\\/\\\/www.bachner-usa.com\\\/?s={search_term_string}\"},\"query-input\":{\"@type\":\"PropertyValueSpecification\",\"valueRequired\":true,\"valueName\":\"search_term_string\"}}],\"inLanguage\":\"es\"},{\"@type\":\"Organization\",\"@id\":\"https:\\\/\\\/www.bachner-usa.com\\\/#organization\",\"name\":\"Bachner US\",\"url\":\"https:\\\/\\\/www.bachner-usa.com\\\/\",\"logo\":{\"@type\":\"ImageObject\",\"inLanguage\":\"es\",\"@id\":\"https:\\\/\\\/www.bachner-usa.com\\\/#\\\/schema\\\/logo\\\/image\\\/\",\"url\":\"https:\\\/\\\/www.bachner-usa.com\\\/wp-content\\\/uploads\\\/2023\\\/03\\\/Logo_BAC-USA_positiv-1.svg\",\"contentUrl\":\"https:\\\/\\\/www.bachner-usa.com\\\/wp-content\\\/uploads\\\/2023\\\/03\\\/Logo_BAC-USA_positiv-1.svg\",\"width\":391,\"height\":207,\"caption\":\"Bachner US\"},\"image\":{\"@id\":\"https:\\\/\\\/www.bachner-usa.com\\\/#\\\/schema\\\/logo\\\/image\\\/\"}}]}<\/script>\n<!-- \/ Yoast SEO plugin. -->","yoast_head_json":{"title":"Datos legales - Bachner US","robots":{"index":"index","follow":"follow","max-snippet":"max-snippet:-1","max-image-preview":"max-image-preview:large","max-video-preview":"max-video-preview:-1"},"canonical":"https:\/\/www.bachner-usa.com\/es\/datos-legales\/","og_locale":"es_ES","og_type":"article","og_title":"Datos legales - Bachner US","og_description":"Bachner Electro USA Inc. Presidente: Dr. Ralf Gaffal Director General: Denis Pospischil 522 Mayfield Rd., Suite A Duncan, SC 29334 Estados Unidos de Am\u00e9rica Tel\u00e9fono +1 864 558 0095 Correo electr\u00f3nico: electro@bachner-usa.com P\u00e1gina de inicio: www.bachner-usa.com Presidente: Hans Bachner Secretario: Erwin Daimer Dise\u00f1o web Bachner Elektro GmbH &amp; Co. KG Am Hang 2 D-84048 Mainburg [&hellip;]","og_url":"https:\/\/www.bachner-usa.com\/es\/datos-legales\/","og_site_name":"Bachner US","article_modified_time":"2025-01-07T15:48:37+00:00","og_image":[{"width":2560,"height":686,"url":"https:\/\/www.bachner-usa.com\/wp-content\/uploads\/2023\/03\/impressum-gross-x2000-scaled.jpeg","type":"image\/jpeg"}],"twitter_card":"summary_large_image","twitter_misc":{"Tiempo de lectura":"1 minuto"},"schema":{"@context":"https:\/\/schema.org","@graph":[{"@type":"WebPage","@id":"https:\/\/www.bachner-usa.com\/es\/datos-legales\/","url":"https:\/\/www.bachner-usa.com\/es\/datos-legales\/","name":"Datos legales - Bachner US","isPartOf":{"@id":"https:\/\/www.bachner-usa.com\/#website"},"primaryImageOfPage":{"@id":"https:\/\/www.bachner-usa.com\/es\/datos-legales\/#primaryimage"},"image":{"@id":"https:\/\/www.bachner-usa.com\/es\/datos-legales\/#primaryimage"},"thumbnailUrl":"https:\/\/www.bachner-usa.com\/wp-content\/uploads\/2023\/03\/impressum-gross-x2000-scaled.jpeg","datePublished":"2023-03-14T13:07:14+00:00","dateModified":"2025-01-07T15:48:37+00:00","breadcrumb":{"@id":"https:\/\/www.bachner-usa.com\/es\/datos-legales\/#breadcrumb"},"inLanguage":"es","potentialAction":[{"@type":"ReadAction","target":["https:\/\/www.bachner-usa.com\/es\/datos-legales\/"]}]},{"@type":"ImageObject","inLanguage":"es","@id":"https:\/\/www.bachner-usa.com\/es\/datos-legales\/#primaryimage","url":"https:\/\/www.bachner-usa.com\/wp-content\/uploads\/2023\/03\/impressum-gross-x2000-scaled.jpeg","contentUrl":"https:\/\/www.bachner-usa.com\/wp-content\/uploads\/2023\/03\/impressum-gross-x2000-scaled.jpeg","width":2560,"height":686},{"@type":"BreadcrumbList","@id":"https:\/\/www.bachner-usa.com\/es\/datos-legales\/#breadcrumb","itemListElement":[{"@type":"ListItem","position":1,"name":"Home","item":"https:\/\/www.bachner-usa.com\/es\/"},{"@type":"ListItem","position":2,"name":"Datos legales"}]},{"@type":"WebSite","@id":"https:\/\/www.bachner-usa.com\/#website","url":"https:\/\/www.bachner-usa.com\/","name":"Bachner US","description":"Your Strong Partner","publisher":{"@id":"https:\/\/www.bachner-usa.com\/#organization"},"potentialAction":[{"@type":"SearchAction","target":{"@type":"EntryPoint","urlTemplate":"https:\/\/www.bachner-usa.com\/?s={search_term_string}"},"query-input":{"@type":"PropertyValueSpecification","valueRequired":true,"valueName":"search_term_string"}}],"inLanguage":"es"},{"@type":"Organization","@id":"https:\/\/www.bachner-usa.com\/#organization","name":"Bachner US","url":"https:\/\/www.bachner-usa.com\/","logo":{"@type":"ImageObject","inLanguage":"es","@id":"https:\/\/www.bachner-usa.com\/#\/schema\/logo\/image\/","url":"https:\/\/www.bachner-usa.com\/wp-content\/uploads\/2023\/03\/Logo_BAC-USA_positiv-1.svg","contentUrl":"https:\/\/www.bachner-usa.com\/wp-content\/uploads\/2023\/03\/Logo_BAC-USA_positiv-1.svg","width":391,"height":207,"caption":"Bachner US"},"image":{"@id":"https:\/\/www.bachner-usa.com\/#\/schema\/logo\/image\/"}}]}},"_links":{"self":[{"href":"https:\/\/www.bachner-usa.com\/es\/wp-json\/wp\/v2\/pages\/1844","targetHints":{"allow":["GET"]}}],"collection":[{"href":"https:\/\/www.bachner-usa.com\/es\/wp-json\/wp\/v2\/pages"}],"about":[{"href":"https:\/\/www.bachner-usa.com\/es\/wp-json\/wp\/v2\/types\/page"}],"author":[{"embeddable":true,"href":"https:\/\/www.bachner-usa.com\/es\/wp-json\/wp\/v2\/users\/3"}],"replies":[{"embeddable":true,"href":"https:\/\/www.bachner-usa.com\/es\/wp-json\/wp\/v2\/comments?post=1844"}],"version-history":[{"count":8,"href":"https:\/\/www.bachner-usa.com\/es\/wp-json\/wp\/v2\/pages\/1844\/revisions"}],"predecessor-version":[{"id":2712,"href":"https:\/\/www.bachner-usa.com\/es\/wp-json\/wp\/v2\/pages\/1844\/revisions\/2712"}],"wp:featuredmedia":[{"embeddable":true,"href":"https:\/\/www.bachner-usa.com\/es\/wp-json\/wp\/v2\/media\/264"}],"wp:attachment":[{"href":"https:\/\/www.bachner-usa.com\/es\/wp-json\/wp\/v2\/media?parent=1844"}],"curies":[{"name":"wp","href":"https:\/\/api.w.org\/{rel}","templated":true}]}}