{"id":1846,"date":"2023-03-14T13:01:15","date_gmt":"2023-03-14T13:01:15","guid":{"rendered":"http:\/\/44.209.136.149\/pongase-en-contacto-con-nosotros\/"},"modified":"2025-10-14T13:52:30","modified_gmt":"2025-10-14T13:52:30","slug":"pongase-en-contacto-con-nosotros","status":"publish","type":"page","link":"https:\/\/www.bachner-usa.com\/es\/pongase-en-contacto-con-nosotros\/","title":{"rendered":"Contacto"},"content":{"rendered":"\t\t<div data-elementor-type=\"wp-page\" data-elementor-id=\"1846\" class=\"elementor elementor-1846 elementor-81\" data-elementor-post-type=\"page\">\n\t\t\t\t\t\t<section class=\"elementor-section elementor-top-section elementor-element elementor-element-2ca6a5e small-container elementor-section-boxed elementor-section-height-default elementor-section-height-default\" data-id=\"2ca6a5e\" data-element_type=\"section\" data-e-type=\"section\">\n\t\t\t\t\t\t<div class=\"elementor-container elementor-column-gap-default\">\n\t\t\t\t\t<div class=\"elementor-column elementor-col-100 elementor-top-column elementor-element elementor-element-fa709fc\" data-id=\"fa709fc\" data-element_type=\"column\" data-e-type=\"column\">\n\t\t\t<div class=\"elementor-widget-wrap elementor-element-populated\">\n\t\t\t\t\t\t<div class=\"elementor-element elementor-element-c6bdb82 underlined elementor-widget elementor-widget-heading\" data-id=\"c6bdb82\" data-element_type=\"widget\" data-e-type=\"widget\" data-widget_type=\"heading.default\">\n\t\t\t\t<div class=\"elementor-widget-container\">\n\t\t\t\t\t<h2 class=\"elementor-heading-title elementor-size-default\">COMPETENCIA IN SITU.<\/h2>\t\t\t\t<\/div>\n\t\t\t\t<\/div>\n\t\t\t\t<div class=\"elementor-element elementor-element-1035625 elementor-widget elementor-widget-text-editor\" data-id=\"1035625\" data-element_type=\"widget\" data-e-type=\"widget\" data-widget_type=\"text-editor.default\">\n\t\t\t\t<div class=\"elementor-widget-container\">\n\t\t\t\t\t\t\t\t\t<div class=\"small-container\">\n<div class=\"text-box\">\n<p>\u00a1Esperamos pronto conocerle! Estamos siempre a su disposici\u00f3n en cualquiera de nuestras sucursales. Local, personal y con compromiso.<\/p>\n<p>Cont\u00e1ctenos. Personalmente, por tel\u00e9fono o correo electr\u00f3nico. Aqu\u00ed encontrar\u00e1 todas las opciones.<\/p>\n<p>Nos alegra responder a sus preguntas o ayudarle a encontrar la persona de contacto adecuada.<\/p>\n<p><strong><br \/>\nBachner Electro USA Inc.<br \/>\nHQ<\/strong><br \/>\n522 Mayfield Rd., Suite A<br \/>\nDuncan, SC 29334<br \/>\nPhone: <a href=\"tel:+18645580095\">+1 864 558 0095<\/a><br \/>\nE-mail: <a href=\"mailto:electro@bachner-usa.com\">electro@bachner-usa.com<\/a><\/p>\n<\/div>\n<p><\/div>\n<p><\/p>\n<div class=\"description-list has-margin-top-50\">\n<div class=\"location\">\n<div id=\"location-usa\" class=\"location__inner has-padding-bottom-25\">\n<div class=\"location__info description-list\">\n<dl>\n<dt>\n<dl>\n<dt><b style=\"background-color: transparent; color: var( --e-global-color-text ); font-family: var( --e-global-typography-text-font-family ), Sans-serif;\">North Charleston Branch<br \/>\n<\/b>2456 Remount Rd.<br \/>\nSuite 305-B<br \/>\nNorth Charleston, SC 29406<\/dt>\n<dt><\/dt>\n<dt><b style=\"background-color: transparent; color: var( --e-global-color-text ); font-family: var( --e-global-typography-text-font-family ), Sans-serif;\">North Bergen Branch<br \/>\n<\/b>7001 Anpesil Drive<br \/>\nNorth Bergen, NJ 07047<\/p>\n<p><strong>Columbia Branch<\/strong><br \/>\n1725 12th Street<br \/>\nCayce, SC 29033<\/dt>\n<\/dl>\n<\/dt>\n<\/dl>\n<\/div>\n<p><\/div>\n<p><\/div>\n<p><\/div>\n\t\t\t\t\t\t\t\t<\/div>\n\t\t\t\t<\/div>\n\t\t\t\t\t<\/div>\n\t\t<\/div>\n\t\t\t\t\t<\/div>\n\t\t<\/section>\n\t\t\t\t<\/div>\n\t\t","protected":false},"excerpt":{"rendered":"<p>COMPETENCIA IN SITU. \u00a1Esperamos pronto conocerle! Estamos siempre a su disposici\u00f3n en cualquiera de nuestras sucursales. Local, personal y con compromiso. Cont\u00e1ctenos. Personalmente, por tel\u00e9fono o correo electr\u00f3nico. Aqu\u00ed encontrar\u00e1 todas las opciones. Nos alegra responder a sus preguntas o ayudarle a encontrar la persona de contacto adecuada. Bachner Electro USA Inc. HQ 522 Mayfield [&hellip;]<\/p>\n","protected":false},"author":3,"featured_media":1701,"parent":0,"menu_order":10,"comment_status":"closed","ping_status":"closed","template":"","meta":{"_acf_changed":false,"footnotes":""},"class_list":["post-1846","page","type-page","status-publish","has-post-thumbnail","hentry"],"acf":[],"yoast_head":"<!-- This site is optimized with the Yoast SEO plugin v27.3 - https:\/\/yoast.com\/product\/yoast-seo-wordpress\/ -->\n<title>Contacto - Bachner US<\/title>\n<meta name=\"robots\" content=\"index, follow, max-snippet:-1, max-image-preview:large, max-video-preview:-1\" \/>\n<link rel=\"canonical\" href=\"https:\/\/www.bachner-usa.com\/es\/pongase-en-contacto-con-nosotros\/\" \/>\n<meta property=\"og:locale\" content=\"es_ES\" \/>\n<meta property=\"og:type\" content=\"article\" \/>\n<meta property=\"og:title\" content=\"Contacto - Bachner US\" \/>\n<meta property=\"og:description\" content=\"COMPETENCIA IN SITU. \u00a1Esperamos pronto conocerle! Estamos siempre a su disposici\u00f3n en cualquiera de nuestras sucursales. Local, personal y con compromiso. Cont\u00e1ctenos. Personalmente, por tel\u00e9fono o correo electr\u00f3nico. Aqu\u00ed encontrar\u00e1 todas las opciones. Nos alegra responder a sus preguntas o ayudarle a encontrar la persona de contacto adecuada. Bachner Electro USA Inc. HQ 522 Mayfield [&hellip;]\" \/>\n<meta property=\"og:url\" content=\"https:\/\/www.bachner-usa.com\/es\/pongase-en-contacto-con-nosotros\/\" \/>\n<meta property=\"og:site_name\" content=\"Bachner US\" \/>\n<meta property=\"article:modified_time\" content=\"2025-10-14T13:52:30+00:00\" \/>\n<meta property=\"og:image\" content=\"https:\/\/www.bachner-usa.com\/wp-content\/uploads\/2023\/07\/headerbild-kontakt-gross_USA_web-scaled.jpg\" \/>\n\t<meta property=\"og:image:width\" content=\"2560\" \/>\n\t<meta property=\"og:image:height\" content=\"686\" \/>\n\t<meta property=\"og:image:type\" content=\"image\/jpeg\" \/>\n<meta name=\"twitter:card\" content=\"summary_large_image\" \/>\n<meta name=\"twitter:label1\" content=\"Tiempo de lectura\" \/>\n\t<meta name=\"twitter:data1\" content=\"1 minuto\" \/>\n<script type=\"application\/ld+json\" class=\"yoast-schema-graph\">{\"@context\":\"https:\\\/\\\/schema.org\",\"@graph\":[{\"@type\":\"WebPage\",\"@id\":\"https:\\\/\\\/www.bachner-usa.com\\\/es\\\/pongase-en-contacto-con-nosotros\\\/\",\"url\":\"https:\\\/\\\/www.bachner-usa.com\\\/es\\\/pongase-en-contacto-con-nosotros\\\/\",\"name\":\"Contacto - Bachner US\",\"isPartOf\":{\"@id\":\"https:\\\/\\\/www.bachner-usa.com\\\/#website\"},\"primaryImageOfPage\":{\"@id\":\"https:\\\/\\\/www.bachner-usa.com\\\/es\\\/pongase-en-contacto-con-nosotros\\\/#primaryimage\"},\"image\":{\"@id\":\"https:\\\/\\\/www.bachner-usa.com\\\/es\\\/pongase-en-contacto-con-nosotros\\\/#primaryimage\"},\"thumbnailUrl\":\"https:\\\/\\\/www.bachner-usa.com\\\/wp-content\\\/uploads\\\/2023\\\/07\\\/headerbild-kontakt-gross_USA_web-scaled.jpg\",\"datePublished\":\"2023-03-14T13:01:15+00:00\",\"dateModified\":\"2025-10-14T13:52:30+00:00\",\"breadcrumb\":{\"@id\":\"https:\\\/\\\/www.bachner-usa.com\\\/es\\\/pongase-en-contacto-con-nosotros\\\/#breadcrumb\"},\"inLanguage\":\"es\",\"potentialAction\":[{\"@type\":\"ReadAction\",\"target\":[\"https:\\\/\\\/www.bachner-usa.com\\\/es\\\/pongase-en-contacto-con-nosotros\\\/\"]}]},{\"@type\":\"ImageObject\",\"inLanguage\":\"es\",\"@id\":\"https:\\\/\\\/www.bachner-usa.com\\\/es\\\/pongase-en-contacto-con-nosotros\\\/#primaryimage\",\"url\":\"https:\\\/\\\/www.bachner-usa.com\\\/wp-content\\\/uploads\\\/2023\\\/07\\\/headerbild-kontakt-gross_USA_web-scaled.jpg\",\"contentUrl\":\"https:\\\/\\\/www.bachner-usa.com\\\/wp-content\\\/uploads\\\/2023\\\/07\\\/headerbild-kontakt-gross_USA_web-scaled.jpg\",\"width\":2560,\"height\":686},{\"@type\":\"BreadcrumbList\",\"@id\":\"https:\\\/\\\/www.bachner-usa.com\\\/es\\\/pongase-en-contacto-con-nosotros\\\/#breadcrumb\",\"itemListElement\":[{\"@type\":\"ListItem\",\"position\":1,\"name\":\"Home\",\"item\":\"https:\\\/\\\/www.bachner-usa.com\\\/es\\\/\"},{\"@type\":\"ListItem\",\"position\":2,\"name\":\"Contacto\"}]},{\"@type\":\"WebSite\",\"@id\":\"https:\\\/\\\/www.bachner-usa.com\\\/#website\",\"url\":\"https:\\\/\\\/www.bachner-usa.com\\\/\",\"name\":\"Bachner US\",\"description\":\"Your Strong Partner\",\"publisher\":{\"@id\":\"https:\\\/\\\/www.bachner-usa.com\\\/#organization\"},\"potentialAction\":[{\"@type\":\"SearchAction\",\"target\":{\"@type\":\"EntryPoint\",\"urlTemplate\":\"https:\\\/\\\/www.bachner-usa.com\\\/?s={search_term_string}\"},\"query-input\":{\"@type\":\"PropertyValueSpecification\",\"valueRequired\":true,\"valueName\":\"search_term_string\"}}],\"inLanguage\":\"es\"},{\"@type\":\"Organization\",\"@id\":\"https:\\\/\\\/www.bachner-usa.com\\\/#organization\",\"name\":\"Bachner US\",\"url\":\"https:\\\/\\\/www.bachner-usa.com\\\/\",\"logo\":{\"@type\":\"ImageObject\",\"inLanguage\":\"es\",\"@id\":\"https:\\\/\\\/www.bachner-usa.com\\\/#\\\/schema\\\/logo\\\/image\\\/\",\"url\":\"https:\\\/\\\/www.bachner-usa.com\\\/wp-content\\\/uploads\\\/2023\\\/03\\\/Logo_BAC-USA_positiv-1.svg\",\"contentUrl\":\"https:\\\/\\\/www.bachner-usa.com\\\/wp-content\\\/uploads\\\/2023\\\/03\\\/Logo_BAC-USA_positiv-1.svg\",\"width\":391,\"height\":207,\"caption\":\"Bachner US\"},\"image\":{\"@id\":\"https:\\\/\\\/www.bachner-usa.com\\\/#\\\/schema\\\/logo\\\/image\\\/\"}}]}<\/script>\n<!-- \/ Yoast SEO plugin. -->","yoast_head_json":{"title":"Contacto - Bachner US","robots":{"index":"index","follow":"follow","max-snippet":"max-snippet:-1","max-image-preview":"max-image-preview:large","max-video-preview":"max-video-preview:-1"},"canonical":"https:\/\/www.bachner-usa.com\/es\/pongase-en-contacto-con-nosotros\/","og_locale":"es_ES","og_type":"article","og_title":"Contacto - Bachner US","og_description":"COMPETENCIA IN SITU. \u00a1Esperamos pronto conocerle! Estamos siempre a su disposici\u00f3n en cualquiera de nuestras sucursales. Local, personal y con compromiso. Cont\u00e1ctenos. Personalmente, por tel\u00e9fono o correo electr\u00f3nico. Aqu\u00ed encontrar\u00e1 todas las opciones. Nos alegra responder a sus preguntas o ayudarle a encontrar la persona de contacto adecuada. Bachner Electro USA Inc. HQ 522 Mayfield [&hellip;]","og_url":"https:\/\/www.bachner-usa.com\/es\/pongase-en-contacto-con-nosotros\/","og_site_name":"Bachner US","article_modified_time":"2025-10-14T13:52:30+00:00","og_image":[{"width":2560,"height":686,"url":"https:\/\/www.bachner-usa.com\/wp-content\/uploads\/2023\/07\/headerbild-kontakt-gross_USA_web-scaled.jpg","type":"image\/jpeg"}],"twitter_card":"summary_large_image","twitter_misc":{"Tiempo de lectura":"1 minuto"},"schema":{"@context":"https:\/\/schema.org","@graph":[{"@type":"WebPage","@id":"https:\/\/www.bachner-usa.com\/es\/pongase-en-contacto-con-nosotros\/","url":"https:\/\/www.bachner-usa.com\/es\/pongase-en-contacto-con-nosotros\/","name":"Contacto - Bachner US","isPartOf":{"@id":"https:\/\/www.bachner-usa.com\/#website"},"primaryImageOfPage":{"@id":"https:\/\/www.bachner-usa.com\/es\/pongase-en-contacto-con-nosotros\/#primaryimage"},"image":{"@id":"https:\/\/www.bachner-usa.com\/es\/pongase-en-contacto-con-nosotros\/#primaryimage"},"thumbnailUrl":"https:\/\/www.bachner-usa.com\/wp-content\/uploads\/2023\/07\/headerbild-kontakt-gross_USA_web-scaled.jpg","datePublished":"2023-03-14T13:01:15+00:00","dateModified":"2025-10-14T13:52:30+00:00","breadcrumb":{"@id":"https:\/\/www.bachner-usa.com\/es\/pongase-en-contacto-con-nosotros\/#breadcrumb"},"inLanguage":"es","potentialAction":[{"@type":"ReadAction","target":["https:\/\/www.bachner-usa.com\/es\/pongase-en-contacto-con-nosotros\/"]}]},{"@type":"ImageObject","inLanguage":"es","@id":"https:\/\/www.bachner-usa.com\/es\/pongase-en-contacto-con-nosotros\/#primaryimage","url":"https:\/\/www.bachner-usa.com\/wp-content\/uploads\/2023\/07\/headerbild-kontakt-gross_USA_web-scaled.jpg","contentUrl":"https:\/\/www.bachner-usa.com\/wp-content\/uploads\/2023\/07\/headerbild-kontakt-gross_USA_web-scaled.jpg","width":2560,"height":686},{"@type":"BreadcrumbList","@id":"https:\/\/www.bachner-usa.com\/es\/pongase-en-contacto-con-nosotros\/#breadcrumb","itemListElement":[{"@type":"ListItem","position":1,"name":"Home","item":"https:\/\/www.bachner-usa.com\/es\/"},{"@type":"ListItem","position":2,"name":"Contacto"}]},{"@type":"WebSite","@id":"https:\/\/www.bachner-usa.com\/#website","url":"https:\/\/www.bachner-usa.com\/","name":"Bachner US","description":"Your Strong Partner","publisher":{"@id":"https:\/\/www.bachner-usa.com\/#organization"},"potentialAction":[{"@type":"SearchAction","target":{"@type":"EntryPoint","urlTemplate":"https:\/\/www.bachner-usa.com\/?s={search_term_string}"},"query-input":{"@type":"PropertyValueSpecification","valueRequired":true,"valueName":"search_term_string"}}],"inLanguage":"es"},{"@type":"Organization","@id":"https:\/\/www.bachner-usa.com\/#organization","name":"Bachner US","url":"https:\/\/www.bachner-usa.com\/","logo":{"@type":"ImageObject","inLanguage":"es","@id":"https:\/\/www.bachner-usa.com\/#\/schema\/logo\/image\/","url":"https:\/\/www.bachner-usa.com\/wp-content\/uploads\/2023\/03\/Logo_BAC-USA_positiv-1.svg","contentUrl":"https:\/\/www.bachner-usa.com\/wp-content\/uploads\/2023\/03\/Logo_BAC-USA_positiv-1.svg","width":391,"height":207,"caption":"Bachner US"},"image":{"@id":"https:\/\/www.bachner-usa.com\/#\/schema\/logo\/image\/"}}]}},"_links":{"self":[{"href":"https:\/\/www.bachner-usa.com\/es\/wp-json\/wp\/v2\/pages\/1846","targetHints":{"allow":["GET"]}}],"collection":[{"href":"https:\/\/www.bachner-usa.com\/es\/wp-json\/wp\/v2\/pages"}],"about":[{"href":"https:\/\/www.bachner-usa.com\/es\/wp-json\/wp\/v2\/types\/page"}],"author":[{"embeddable":true,"href":"https:\/\/www.bachner-usa.com\/es\/wp-json\/wp\/v2\/users\/3"}],"replies":[{"embeddable":true,"href":"https:\/\/www.bachner-usa.com\/es\/wp-json\/wp\/v2\/comments?post=1846"}],"version-history":[{"count":19,"href":"https:\/\/www.bachner-usa.com\/es\/wp-json\/wp\/v2\/pages\/1846\/revisions"}],"predecessor-version":[{"id":2855,"href":"https:\/\/www.bachner-usa.com\/es\/wp-json\/wp\/v2\/pages\/1846\/revisions\/2855"}],"wp:featuredmedia":[{"embeddable":true,"href":"https:\/\/www.bachner-usa.com\/es\/wp-json\/wp\/v2\/media\/1701"}],"wp:attachment":[{"href":"https:\/\/www.bachner-usa.com\/es\/wp-json\/wp\/v2\/media?parent=1846"}],"curies":[{"name":"wp","href":"https:\/\/api.w.org\/{rel}","templated":true}]}}